{"id":544,"date":"2025-11-07T13:45:30","date_gmt":"2025-11-07T16:45:30","guid":{"rendered":"https:\/\/raizesdagente.com.br\/?page_id=544"},"modified":"2025-11-10T18:48:38","modified_gmt":"2025-11-10T21:48:38","slug":"com-o-passar-do-tempo","status":"publish","type":"page","link":"https:\/\/raizesdagente.com.br\/?page_id=544","title":{"rendered":"Com o passar do tempo"},"content":{"rendered":"\t\t<div data-elementor-type=\"wp-page\" data-elementor-id=\"544\" class=\"elementor elementor-544\" data-elementor-post-type=\"page\">\n\t\t\t\t<div class=\"elementor-element elementor-element-683ef1e e-con-full e-flex e-con e-parent\" data-id=\"683ef1e\" data-element_type=\"container\">\n\t\t\t\t<div class=\"elementor-element elementor-element-e207d9f elementor-widget elementor-widget-heading\" data-id=\"e207d9f\" data-element_type=\"widget\" data-widget_type=\"heading.default\">\n\t\t\t\t<div class=\"elementor-widget-container\">\n\t\t\t\t\t<h2 class=\"elementor-heading-title elementor-size-default\">Com o passar do tempo\n<\/h2>\t\t\t\t<\/div>\n\t\t\t\t<\/div>\n\t\t\t\t<div class=\"elementor-element elementor-element-c9399d3 elementor-widget elementor-widget-text-editor\" data-id=\"c9399d3\" data-element_type=\"widget\" data-widget_type=\"text-editor.default\">\n\t\t\t\t<div class=\"elementor-widget-container\">\n\t\t\t\t\t\t\t\t\t<p style=\"text-align: center;\">Veja como a cidade se transformou ao longo dos anos. As imagens mostram diferentes \u00e9pocas e ajudam a compreender como chegamos at\u00e9 aqui.<\/p>\t\t\t\t\t\t\t\t<\/div>\n\t\t\t\t<\/div>\n\t\t\t\t<\/div>\n\t\t<div class=\"elementor-element elementor-element-20a8626 e-con-full e-flex e-con e-parent\" data-id=\"20a8626\" data-element_type=\"container\">\n\t\t<div class=\"elementor-element elementor-element-3a7928f e-con-full e-flex e-con e-child\" data-id=\"3a7928f\" data-element_type=\"container\">\n\t\t<div class=\"elementor-element elementor-element-ccc0713 e-con-full e-flex e-con e-child\" data-id=\"ccc0713\" data-element_type=\"container\">\n\t\t\t\t<div class=\"elementor-element elementor-element-a367f38 elementor-widget elementor-widget-heading\" data-id=\"a367f38\" data-element_type=\"widget\" data-widget_type=\"heading.default\">\n\t\t\t\t<div class=\"elementor-widget-container\">\n\t\t\t\t\t<h2 class=\"elementor-heading-title elementor-size-default\">Avenida Central<\/h2>\t\t\t\t<\/div>\n\t\t\t\t<\/div>\n\t\t\t\t<div class=\"elementor-element elementor-element-eed285c elementor-widget elementor-widget-text-editor\" data-id=\"eed285c\" data-element_type=\"widget\" data-widget_type=\"text-editor.default\">\n\t\t\t\t<div class=\"elementor-widget-container\">\n\t\t\t\t\t\t\t\t\t<p>Lorem ipsum dolor sit amet, consectetur adipiscing elit. Ut elit tellus, luctus nec ullamcorper mattis, pulvinar dapibus leo.<\/p>\t\t\t\t\t\t\t\t<\/div>\n\t\t\t\t<\/div>\n\t\t\t\t<\/div>\n\t\t\t\t<\/div>\n\t\t<div class=\"elementor-element elementor-element-fbd839c e-con-full e-flex e-con e-child\" data-id=\"fbd839c\" data-element_type=\"container\">\n\t\t\t\t<div class=\"elementor-element elementor-element-2efe394 elementor-widget elementor-widget-elementskit-image-comparison\" data-id=\"2efe394\" data-element_type=\"widget\" data-widget_type=\"elementskit-image-comparison.default\">\n\t\t\t\t<div class=\"elementor-widget-container\">\n\t\t\t\t\t<div class=\"ekit-wid-con\" >\n\t\t<div class=\"elementskit-image-comparison image-comparison-container\" data-offset=\"0.5\" data-overlay=\"true\" data-label_after=\"depois\" data-label_before=\"antes\" data-move_slider_on_hover=\"true\" data-click_to_move=\"\">\n\t\t\t<img decoding=\"async\" src=\"https:\/\/raizesdagente.com.br\/wp-content\/uploads\/2025\/11\/502763114_9878911998882604_8669296295878941562_n.jpg\" title=\"502763114_9878911998882604_8669296295878941562_n.jpg\" alt=\"502763114_9878911998882604_8669296295878941562_n.jpg\" loading=\"lazy\" \/><img decoding=\"async\" src=\"https:\/\/raizesdagente.com.br\/wp-content\/uploads\/2025\/11\/500688841_9848735658566905_8062949959598238369_n.jpg\" title=\"500688841_9848735658566905_8062949959598238369_n.jpg\" alt=\"500688841_9848735658566905_8062949959598238369_n.jpg\" loading=\"lazy\" \/>\t\t<\/div>\n\n\t<\/div>\t\t\t\t<\/div>\n\t\t\t\t<\/div>\n\t\t\t\t<\/div>\n\t\t\t\t<\/div>\n\t\t<div class=\"elementor-element elementor-element-2b326f3 e-con-full e-flex e-con e-parent\" data-id=\"2b326f3\" data-element_type=\"container\" data-settings=\"{&quot;background_background&quot;:&quot;classic&quot;}\">\n\t\t<div class=\"elementor-element elementor-element-c4599bb e-con-full e-flex e-con e-child\" data-id=\"c4599bb\" data-element_type=\"container\" data-settings=\"{&quot;background_background&quot;:&quot;classic&quot;}\">\n\t\t\t\t<div class=\"elementor-element elementor-element-3674ffb elementor-widget elementor-widget-spacer\" data-id=\"3674ffb\" data-element_type=\"widget\" data-widget_type=\"spacer.default\">\n\t\t\t\t<div class=\"elementor-widget-container\">\n\t\t\t\t\t\t\t<div class=\"elementor-spacer\">\n\t\t\t<div class=\"elementor-spacer-inner\"><\/div>\n\t\t<\/div>\n\t\t\t\t\t\t<\/div>\n\t\t\t\t<\/div>\n\t\t\t\t<div class=\"elementor-element elementor-element-6c217ea elementor-widget elementor-widget-heading\" data-id=\"6c217ea\" data-element_type=\"widget\" data-widget_type=\"heading.default\">\n\t\t\t\t<div class=\"elementor-widget-container\">\n\t\t\t\t\t<h2 class=\"elementor-heading-title elementor-size-default\">Tem alguma foto pra mandar? <\/h2>\t\t\t\t<\/div>\n\t\t\t\t<\/div>\n\t\t\t\t<div class=\"elementor-element elementor-element-f4dc197 elementor-button-align-stretch elementor-widget elementor-widget-form\" data-id=\"f4dc197\" data-element_type=\"widget\" data-settings=\"{&quot;step_next_label&quot;:&quot;Next&quot;,&quot;step_previous_label&quot;:&quot;Previous&quot;,&quot;button_width&quot;:&quot;100&quot;,&quot;step_type&quot;:&quot;number_text&quot;,&quot;step_icon_shape&quot;:&quot;circle&quot;}\" data-widget_type=\"form.default\">\n\t\t\t\t<div class=\"elementor-widget-container\">\n\t\t\t\t\t\t\t<form class=\"elementor-form\" method=\"post\" name=\"New Form\" aria-label=\"New Form\">\n\t\t\t<input type=\"hidden\" name=\"post_id\" value=\"544\"\/>\n\t\t\t<input type=\"hidden\" name=\"form_id\" value=\"f4dc197\"\/>\n\t\t\t<input type=\"hidden\" name=\"referer_title\" value=\"Com o passar do tempo\" \/>\n\n\t\t\t\t\t\t\t<input type=\"hidden\" name=\"queried_id\" value=\"544\"\/>\n\t\t\t\n\t\t\t<div class=\"elementor-form-fields-wrapper elementor-labels-\">\n\t\t\t\t\t\t\t\t<div class=\"elementor-field-type-text elementor-field-group elementor-column elementor-field-group-name elementor-col-50\">\n\t\t\t\t\t\t\t\t\t\t\t\t<label for=\"form-field-name\" class=\"elementor-field-label elementor-screen-only\">\n\t\t\t\t\t\t\t\tName\t\t\t\t\t\t\t<\/label>\n\t\t\t\t\t\t\t\t\t\t\t\t\t\t<input size=\"1\" type=\"text\" name=\"form_fields[name]\" id=\"form-field-name\" class=\"elementor-field elementor-size-sm  elementor-field-textual\" placeholder=\"Name\">\n\t\t\t\t\t\t\t\t\t\t\t<\/div>\n\t\t\t\t\t\t\t\t<div class=\"elementor-field-type-tel elementor-field-group elementor-column elementor-field-group-email elementor-col-50 elementor-field-required\">\n\t\t\t\t\t\t\t\t\t\t\t\t<label for=\"form-field-email\" class=\"elementor-field-label elementor-screen-only\">\n\t\t\t\t\t\t\t\tTelefone\t\t\t\t\t\t\t<\/label>\n\t\t\t\t\t\t\t\t<input size=\"1\" type=\"tel\" name=\"form_fields[email]\" id=\"form-field-email\" class=\"elementor-field elementor-size-sm  elementor-field-textual\" placeholder=\"Telefone\" required=\"required\" pattern=\"[0-9()#&amp;+*-=.]+\" title=\"Only numbers and phone characters (#, -, *, etc) are accepted.\">\n\n\t\t\t\t\t\t<\/div>\n\t\t\t\t\t\t\t\t<div class=\"elementor-field-type-text elementor-field-group elementor-column elementor-field-group-field_c72ad5d elementor-col-50\">\n\t\t\t\t\t\t\t\t\t\t\t\t<label for=\"form-field-field_c72ad5d\" class=\"elementor-field-label elementor-screen-only\">\n\t\t\t\t\t\t\t\tLocal\t\t\t\t\t\t\t<\/label>\n\t\t\t\t\t\t\t\t\t\t\t\t\t\t<input size=\"1\" type=\"text\" name=\"form_fields[field_c72ad5d]\" id=\"form-field-field_c72ad5d\" class=\"elementor-field elementor-size-sm  elementor-field-textual\" placeholder=\"Local\">\n\t\t\t\t\t\t\t\t\t\t\t<\/div>\n\t\t\t\t\t\t\t\t<div class=\"elementor-field-type-upload elementor-field-group elementor-column elementor-field-group-field_6d3a3c6 elementor-col-50\">\n\t\t\t\t\t\t\t<input type=\"file\" name=\"form_fields[field_6d3a3c6][]\" id=\"form-field-field_6d3a3c6\" class=\"elementor-field elementor-size-sm  elementor-upload-field\" multiple=\"multiple\">\n\n\t\t\t\t\t\t<\/div>\n\t\t\t\t\t\t\t\t<div class=\"elementor-field-type-acceptance elementor-field-group elementor-column elementor-field-group-field_0042315 elementor-col-100 elementor-field-required\">\n\t\t\t\t\t\t\t\t\t\t\t\t<label for=\"form-field-field_0042315\" class=\"elementor-field-label elementor-screen-only\">\n\t\t\t\t\t\t\t\t Termos e condi\u00e7\u00f5es:\t\t\t\t\t\t\t<\/label>\n\t\t\t\t\t\t\t\t<div class=\"elementor-field-subgroup\">\n\t\t\t<span class=\"elementor-field-option\">\n\t\t\t\t<input type=\"checkbox\" name=\"form_fields[field_0042315]\" id=\"form-field-field_0042315\" class=\"elementor-field elementor-size-sm  elementor-acceptance-field\" required=\"required\">\n\t\t\t\t<label for=\"form-field-field_0042315\">Ao enviar, voc\u00ea declara estar ciente de que as informa\u00e7\u00f5es e arquivos enviados podem ser publicados no site e utilizados conforme  <a href=https:\/\/raizesdagente.com.br\/?page_id=3> nossos Termos de Uso.<\/label>\t\t\t<\/span>\n\t\t<\/div>\n\t\t\t\t\t\t<\/div>\n\t\t\t\t\t\t\t\t<div class=\"elementor-field-group elementor-column elementor-field-type-submit elementor-col-100 e-form__buttons\">\n\t\t\t\t\t<button class=\"elementor-button elementor-size-sm\" type=\"submit\">\n\t\t\t\t\t\t<span class=\"elementor-button-content-wrapper\">\n\t\t\t\t\t\t\t\t\t\t\t\t\t\t\t\t\t\t\t\t\t\t<span class=\"elementor-button-text\">Enviar<\/span>\n\t\t\t\t\t\t\t\t\t\t\t\t\t<\/span>\n\t\t\t\t\t<\/button>\n\t\t\t\t<\/div>\n\t\t\t<\/div>\n\t\t<\/form>\n\t\t\t\t\t\t<\/div>\n\t\t\t\t<\/div>\n\t\t\t\t<div class=\"elementor-element elementor-element-74a12b9 elementor-widget elementor-widget-spacer\" data-id=\"74a12b9\" data-element_type=\"widget\" data-widget_type=\"spacer.default\">\n\t\t\t\t<div class=\"elementor-widget-container\">\n\t\t\t\t\t\t\t<div class=\"elementor-spacer\">\n\t\t\t<div class=\"elementor-spacer-inner\"><\/div>\n\t\t<\/div>\n\t\t\t\t\t\t<\/div>\n\t\t\t\t<\/div>\n\t\t\t\t<\/div>\n\t\t\t\t<\/div>\n\t\t\t\t<\/div>\n\t\t","protected":false},"excerpt":{"rendered":"<p>Com o passar do tempo Veja como a cidade se transformou ao longo dos anos. As imagens mostram diferentes \u00e9pocas e ajudam a compreender como chegamos at\u00e9 aqui. Avenida Central Lorem ipsum dolor sit amet, consectetur adipiscing elit. Ut elit tellus, luctus nec ullamcorper mattis, pulvinar dapibus leo. Tem alguma foto pra mandar?<\/p>\n","protected":false},"author":1,"featured_media":0,"parent":0,"menu_order":0,"comment_status":"closed","ping_status":"closed","template":"","meta":{"footnotes":""},"class_list":["post-544","page","type-page","status-publish","hentry"],"_links":{"self":[{"href":"https:\/\/raizesdagente.com.br\/index.php?rest_route=\/wp\/v2\/pages\/544","targetHints":{"allow":["GET"]}}],"collection":[{"href":"https:\/\/raizesdagente.com.br\/index.php?rest_route=\/wp\/v2\/pages"}],"about":[{"href":"https:\/\/raizesdagente.com.br\/index.php?rest_route=\/wp\/v2\/types\/page"}],"author":[{"embeddable":true,"href":"https:\/\/raizesdagente.com.br\/index.php?rest_route=\/wp\/v2\/users\/1"}],"replies":[{"embeddable":true,"href":"https:\/\/raizesdagente.com.br\/index.php?rest_route=%2Fwp%2Fv2%2Fcomments&post=544"}],"version-history":[{"count":96,"href":"https:\/\/raizesdagente.com.br\/index.php?rest_route=\/wp\/v2\/pages\/544\/revisions"}],"predecessor-version":[{"id":907,"href":"https:\/\/raizesdagente.com.br\/index.php?rest_route=\/wp\/v2\/pages\/544\/revisions\/907"}],"wp:attachment":[{"href":"https:\/\/raizesdagente.com.br\/index.php?rest_route=%2Fwp%2Fv2%2Fmedia&parent=544"}],"curies":[{"name":"wp","href":"https:\/\/api.w.org\/{rel}","templated":true}]}}