{"id":372,"date":"2025-11-06T14:39:18","date_gmt":"2025-11-06T17:39:18","guid":{"rendered":"https:\/\/raizesdagente.com.br\/?page_id=372"},"modified":"2025-11-10T18:18:30","modified_gmt":"2025-11-10T21:18:30","slug":"conheca-2","status":"publish","type":"page","link":"https:\/\/raizesdagente.com.br\/?page_id=372","title":{"rendered":"conhe\u00e7a 2"},"content":{"rendered":"\t\t<div data-elementor-type=\"wp-page\" data-elementor-id=\"372\" class=\"elementor elementor-372\" data-elementor-post-type=\"page\">\n\t\t\t\t<div class=\"elementor-element elementor-element-04e1fc7 e-con-full e-flex e-con e-parent\" data-id=\"04e1fc7\" data-element_type=\"container\">\n\t\t<div class=\"elementor-element elementor-element-7a125a5 e-con-full e-flex e-con e-child\" data-id=\"7a125a5\" data-element_type=\"container\">\n\t\t<div class=\"elementor-element elementor-element-0a740ba e-con-full e-flex e-con e-child\" data-id=\"0a740ba\" data-element_type=\"container\">\n\t\t\t\t<div class=\"elementor-element elementor-element-15c4ce1 elementor-widget elementor-widget-text-editor\" data-id=\"15c4ce1\" data-element_type=\"widget\" data-widget_type=\"text-editor.default\">\n\t\t\t\t<div class=\"elementor-widget-container\">\n\t\t\t\t\t\t\t\t\t<p style=\"text-align: justify;\">Central \u00e9 um munic\u00edpio da Bahia, localizado na Chapada Diamantina Setentrional, a cerca de 500 km de Salvador, com altitude de 714 metros e \u00e1rea de aproximadamente 567 km\u00b2. A regi\u00e3o pertence \u00e0 Bacia de Irec\u00ea e apresenta forma\u00e7\u00f5es geol\u00f3gicas antigas, com metassedimentos e carbonatos onde aparecem estromat\u00f3litos. Ao longo do tempo, desenvolveu-se um relevo c\u00e1rstico, com cavernas e ravinas que abrigam pinturas rupestres do per\u00edodo Pleistoc\u00eanico. O solo predominante \u00e9 f\u00e9rtil e argiloso (cambissolo eutr\u00f3fico). O clima \u00e9 semi\u00e1rido, com chuvas concentradas entre dezembro e fevereiro.<\/center>\t\t\t\t\t\t\t\t<\/div>\n\t\t\t\t<\/div>\n\t\t<div class=\"elementor-element elementor-element-fd2779c e-con-full e-flex e-con e-child\" data-id=\"fd2779c\" data-element_type=\"container\">\n\t\t\t\t<div class=\"elementor-element elementor-element-32fbfed elementor-widget elementor-widget-spacer\" data-id=\"32fbfed\" data-element_type=\"widget\" data-widget_type=\"spacer.default\">\n\t\t\t\t<div class=\"elementor-widget-container\">\n\t\t\t\t\t\t\t<div class=\"elementor-spacer\">\n\t\t\t<div class=\"elementor-spacer-inner\"><\/div>\n\t\t<\/div>\n\t\t\t\t\t\t<\/div>\n\t\t\t\t<\/div>\n\t\t\t\t<div class=\"elementor-element elementor-element-883f154 elementor-widget elementor-widget-image\" data-id=\"883f154\" data-element_type=\"widget\" data-widget_type=\"image.default\">\n\t\t\t\t<div class=\"elementor-widget-container\">\n\t\t\t\t\t\t\t\t\t\t\t\t\t\t\t<img fetchpriority=\"high\" decoding=\"async\" width=\"261\" height=\"193\" src=\"https:\/\/raizesdagente.com.br\/wp-content\/uploads\/2025\/11\/images.png\" class=\"attachment-large size-large wp-image-45\" alt=\"\" \/>\t\t\t\t\t\t\t\t\t\t\t\t\t\t\t<\/div>\n\t\t\t\t<\/div>\n\t\t\t\t<div class=\"elementor-element elementor-element-5a1cb39 elementor-widget elementor-widget-text-editor\" data-id=\"5a1cb39\" data-element_type=\"widget\" data-widget_type=\"text-editor.default\">\n\t\t\t\t<div class=\"elementor-widget-container\">\n\t\t\t\t\t\t\t\t\t<p><strong>Lema<\/strong>: Epicentro da arqueologia<\/p><p><strong>Gent\u00edlico<\/strong>: Centralense\u00a0<\/p>\t\t\t\t\t\t\t\t<\/div>\n\t\t\t\t<\/div>\n\t\t\t\t<div class=\"elementor-element elementor-element-0c569af elementor-hidden-desktop elementor-hidden-tablet elementor-widget elementor-widget-image\" data-id=\"0c569af\" data-element_type=\"widget\" data-widget_type=\"image.default\">\n\t\t\t\t<div class=\"elementor-widget-container\">\n\t\t\t\t\t\t\t\t\t\t\t\t\t\t\t<img decoding=\"async\" width=\"626\" height=\"599\" src=\"https:\/\/raizesdagente.com.br\/wp-content\/uploads\/2025\/11\/Brasao_de_Central_BA-1.jpg\" class=\"attachment-full size-full wp-image-627\" alt=\"\" srcset=\"https:\/\/raizesdagente.com.br\/wp-content\/uploads\/2025\/11\/Brasao_de_Central_BA-1.jpg 626w, https:\/\/raizesdagente.com.br\/wp-content\/uploads\/2025\/11\/Brasao_de_Central_BA-1-300x287.jpg 300w\" sizes=\"(max-width: 626px) 100vw, 626px\" \/>\t\t\t\t\t\t\t\t\t\t\t\t\t\t\t<\/div>\n\t\t\t\t<\/div>\n\t\t\t\t<\/div>\n\t\t\t\t<\/div>\n\t\t\t\t<\/div>\n\t\t<div class=\"elementor-element elementor-element-7b2262c e-con-full e-flex e-con e-child\" data-id=\"7b2262c\" data-element_type=\"container\">\n\t\t<div class=\"elementor-element elementor-element-e61b7b1 e-con-full e-flex e-con e-child\" data-id=\"e61b7b1\" data-element_type=\"container\">\n\t\t\t\t<div class=\"elementor-element elementor-element-b233a88 elementor-widget elementor-widget-html\" data-id=\"b233a88\" data-element_type=\"widget\" data-widget_type=\"html.default\">\n\t\t\t\t<div class=\"elementor-widget-container\">\n\t\t\t\t\t<iframe src=\"https:\/\/www.google.com\/maps\/d\/embed?mid=111mb36VpGhw0pzT0DPE5XM8jlXtTyno&ehbc=2E312F\" width=\"540\" height=\"380\"><\/iframe>\t\t\t\t<\/div>\n\t\t\t\t<\/div>\n\t\t<div class=\"elementor-element elementor-element-4dfdab1 e-con-full e-flex e-con e-child\" data-id=\"4dfdab1\" data-element_type=\"container\">\n\t\t\t\t<div class=\"elementor-element elementor-element-bcfc731 elementor-hidden-mobile elementor-widget elementor-widget-image\" data-id=\"bcfc731\" data-element_type=\"widget\" data-widget_type=\"image.default\">\n\t\t\t\t<div class=\"elementor-widget-container\">\n\t\t\t\t\t\t\t\t\t\t\t\t\t\t\t<img decoding=\"async\" width=\"626\" height=\"599\" src=\"https:\/\/raizesdagente.com.br\/wp-content\/uploads\/2025\/11\/Brasao_de_Central_BA-1.jpg\" class=\"attachment-full size-full wp-image-627\" alt=\"\" srcset=\"https:\/\/raizesdagente.com.br\/wp-content\/uploads\/2025\/11\/Brasao_de_Central_BA-1.jpg 626w, https:\/\/raizesdagente.com.br\/wp-content\/uploads\/2025\/11\/Brasao_de_Central_BA-1-300x287.jpg 300w\" sizes=\"(max-width: 626px) 100vw, 626px\" \/>\t\t\t\t\t\t\t\t\t\t\t\t\t\t\t<\/div>\n\t\t\t\t<\/div>\n\t\t\t\t<\/div>\n\t\t\t\t<\/div>\n\t\t\t\t<\/div>\n\t\t\t\t<\/div>\n\t\t<div class=\"elementor-element elementor-element-2f05d14 e-con-full e-flex e-con e-parent\" data-id=\"2f05d14\" data-element_type=\"container\">\n\t\t<div class=\"elementor-element elementor-element-d1c9ddd e-con-full e-flex e-con e-child\" data-id=\"d1c9ddd\" data-element_type=\"container\">\n\t\t<div class=\"elementor-element elementor-element-2c0083a e-grid e-con-full e-con e-child\" data-id=\"2c0083a\" data-element_type=\"container\">\n\t\t<div class=\"elementor-element elementor-element-e2283d8 e-con-full e-flex e-con e-child\" data-id=\"e2283d8\" data-element_type=\"container\">\n\t\t\t\t<div class=\"elementor-element elementor-element-554eba9 elementor-widget elementor-widget-heading\" data-id=\"554eba9\" data-element_type=\"widget\" data-widget_type=\"heading.default\">\n\t\t\t\t<div class=\"elementor-widget-container\">\n\t\t\t\t\t<h2 class=\"elementor-heading-title elementor-size-default\">Pontos turisticos <\/h2>\t\t\t\t<\/div>\n\t\t\t\t<\/div>\n\t\t\t\t<div class=\"elementor-element elementor-element-c54edd3 elementor-widget elementor-widget-gallery\" data-id=\"c54edd3\" data-element_type=\"widget\" data-settings=\"{&quot;columns&quot;:3,&quot;image_hover_animation&quot;:&quot;grow&quot;,&quot;lazyload&quot;:&quot;yes&quot;,&quot;gallery_layout&quot;:&quot;grid&quot;,&quot;columns_tablet&quot;:2,&quot;columns_mobile&quot;:1,&quot;gap&quot;:{&quot;unit&quot;:&quot;px&quot;,&quot;size&quot;:10,&quot;sizes&quot;:[]},&quot;gap_tablet&quot;:{&quot;unit&quot;:&quot;px&quot;,&quot;size&quot;:10,&quot;sizes&quot;:[]},&quot;gap_mobile&quot;:{&quot;unit&quot;:&quot;px&quot;,&quot;size&quot;:10,&quot;sizes&quot;:[]},&quot;link_to&quot;:&quot;file&quot;,&quot;aspect_ratio&quot;:&quot;3:2&quot;,&quot;overlay_background&quot;:&quot;yes&quot;,&quot;content_hover_animation&quot;:&quot;fade-in&quot;}\" data-widget_type=\"gallery.default\">\n\t\t\t\t<div class=\"elementor-widget-container\">\n\t\t\t\t\t\t\t<div class=\"elementor-gallery__container\">\n\t\t\t\t\t\t\t<a class=\"e-gallery-item elementor-gallery-item elementor-animated-content\" href=\"https:\/\/raizesdagente.com.br\/wp-content\/uploads\/2025\/11\/dcs.jpeg\" data-elementor-open-lightbox=\"yes\" data-elementor-lightbox-slideshow=\"c54edd3\" data-elementor-lightbox-title=\"dcs\" data-e-action-hash=\"#elementor-action%3Aaction%3Dlightbox%26settings%3DeyJpZCI6NDE5LCJ1cmwiOiJodHRwczpcL1wvcmFpemVzZGFnZW50ZS5jb20uYnJcL3dwLWNvbnRlbnRcL3VwbG9hZHNcLzIwMjVcLzExXC9kY3MuanBlZyIsInNsaWRlc2hvdyI6ImM1NGVkZDMifQ%3D%3D\">\n\t\t\t\t\t<div class=\"e-gallery-image elementor-gallery-item__image\" data-thumbnail=\"https:\/\/raizesdagente.com.br\/wp-content\/uploads\/2025\/11\/dcs-300x169.jpeg\" data-width=\"300\" data-height=\"169\" aria-label=\"\" role=\"img\" ><\/div>\n\t\t\t\t\t\t\t\t\t\t\t<div class=\"elementor-gallery-item__overlay\"><\/div>\n\t\t\t\t\t\t\t\t\t\t\t\t\t\t<\/a>\n\t\t\t\t\t\t\t<a class=\"e-gallery-item elementor-gallery-item elementor-animated-content\" href=\"https:\/\/raizesdagente.com.br\/wp-content\/uploads\/2025\/11\/dfgb.jpeg\" data-elementor-open-lightbox=\"yes\" data-elementor-lightbox-slideshow=\"c54edd3\" data-elementor-lightbox-title=\"dfgb\" data-e-action-hash=\"#elementor-action%3Aaction%3Dlightbox%26settings%3DeyJpZCI6NDIwLCJ1cmwiOiJodHRwczpcL1wvcmFpemVzZGFnZW50ZS5jb20uYnJcL3dwLWNvbnRlbnRcL3VwbG9hZHNcLzIwMjVcLzExXC9kZmdiLmpwZWciLCJzbGlkZXNob3ciOiJjNTRlZGQzIn0%3D\">\n\t\t\t\t\t<div class=\"e-gallery-image elementor-gallery-item__image\" data-thumbnail=\"https:\/\/raizesdagente.com.br\/wp-content\/uploads\/2025\/11\/dfgb-300x169.jpeg\" data-width=\"300\" data-height=\"169\" aria-label=\"\" role=\"img\" ><\/div>\n\t\t\t\t\t\t\t\t\t\t\t<div class=\"elementor-gallery-item__overlay\"><\/div>\n\t\t\t\t\t\t\t\t\t\t\t\t\t\t<\/a>\n\t\t\t\t\t\t\t<a class=\"e-gallery-item elementor-gallery-item elementor-animated-content\" href=\"https:\/\/raizesdagente.com.br\/wp-content\/uploads\/2025\/11\/ihpch.jpeg\" data-elementor-open-lightbox=\"yes\" data-elementor-lightbox-slideshow=\"c54edd3\" data-elementor-lightbox-title=\"ihp\u00e7h\" data-e-action-hash=\"#elementor-action%3Aaction%3Dlightbox%26settings%3DeyJpZCI6NDIxLCJ1cmwiOiJodHRwczpcL1wvcmFpemVzZGFnZW50ZS5jb20uYnJcL3dwLWNvbnRlbnRcL3VwbG9hZHNcLzIwMjVcLzExXC9paHBjaC5qcGVnIiwic2xpZGVzaG93IjoiYzU0ZWRkMyJ9\">\n\t\t\t\t\t<div class=\"e-gallery-image elementor-gallery-item__image\" data-thumbnail=\"https:\/\/raizesdagente.com.br\/wp-content\/uploads\/2025\/11\/ihpch-300x169.jpeg\" data-width=\"300\" data-height=\"169\" aria-label=\"\" role=\"img\" ><\/div>\n\t\t\t\t\t\t\t\t\t\t\t<div class=\"elementor-gallery-item__overlay\"><\/div>\n\t\t\t\t\t\t\t\t\t\t\t\t\t\t<\/a>\n\t\t\t\t\t\t\t<a class=\"e-gallery-item elementor-gallery-item elementor-animated-content\" href=\"https:\/\/raizesdagente.com.br\/wp-content\/uploads\/2025\/11\/jh.jpeg\" data-elementor-open-lightbox=\"yes\" data-elementor-lightbox-slideshow=\"c54edd3\" data-elementor-lightbox-title=\"jh\" data-e-action-hash=\"#elementor-action%3Aaction%3Dlightbox%26settings%3DeyJpZCI6NDIyLCJ1cmwiOiJodHRwczpcL1wvcmFpemVzZGFnZW50ZS5jb20uYnJcL3dwLWNvbnRlbnRcL3VwbG9hZHNcLzIwMjVcLzExXC9qaC5qcGVnIiwic2xpZGVzaG93IjoiYzU0ZWRkMyJ9\">\n\t\t\t\t\t<div class=\"e-gallery-image elementor-gallery-item__image\" data-thumbnail=\"https:\/\/raizesdagente.com.br\/wp-content\/uploads\/2025\/11\/jh-169x300.jpeg\" data-width=\"169\" data-height=\"300\" aria-label=\"\" role=\"img\" ><\/div>\n\t\t\t\t\t\t\t\t\t\t\t<div class=\"elementor-gallery-item__overlay\"><\/div>\n\t\t\t\t\t\t\t\t\t\t\t\t\t\t<\/a>\n\t\t\t\t\t\t\t<a class=\"e-gallery-item elementor-gallery-item elementor-animated-content\" href=\"https:\/\/raizesdagente.com.br\/wp-content\/uploads\/2025\/11\/lj.jpeg\" data-elementor-open-lightbox=\"yes\" data-elementor-lightbox-slideshow=\"c54edd3\" data-elementor-lightbox-title=\"lj\" data-e-action-hash=\"#elementor-action%3Aaction%3Dlightbox%26settings%3DeyJpZCI6NDIzLCJ1cmwiOiJodHRwczpcL1wvcmFpemVzZGFnZW50ZS5jb20uYnJcL3dwLWNvbnRlbnRcL3VwbG9hZHNcLzIwMjVcLzExXC9sai5qcGVnIiwic2xpZGVzaG93IjoiYzU0ZWRkMyJ9\">\n\t\t\t\t\t<div class=\"e-gallery-image elementor-gallery-item__image\" data-thumbnail=\"https:\/\/raizesdagente.com.br\/wp-content\/uploads\/2025\/11\/lj-169x300.jpeg\" data-width=\"169\" data-height=\"300\" aria-label=\"\" role=\"img\" ><\/div>\n\t\t\t\t\t\t\t\t\t\t\t<div class=\"elementor-gallery-item__overlay\"><\/div>\n\t\t\t\t\t\t\t\t\t\t\t\t\t\t<\/a>\n\t\t\t\t\t\t\t<a class=\"e-gallery-item elementor-gallery-item elementor-animated-content\" href=\"https:\/\/raizesdagente.com.br\/wp-content\/uploads\/2025\/11\/opo.jpeg\" data-elementor-open-lightbox=\"yes\" data-elementor-lightbox-slideshow=\"c54edd3\" data-elementor-lightbox-title=\"op\u00f5\" data-e-action-hash=\"#elementor-action%3Aaction%3Dlightbox%26settings%3DeyJpZCI6NDI0LCJ1cmwiOiJodHRwczpcL1wvcmFpemVzZGFnZW50ZS5jb20uYnJcL3dwLWNvbnRlbnRcL3VwbG9hZHNcLzIwMjVcLzExXC9vcG8uanBlZyIsInNsaWRlc2hvdyI6ImM1NGVkZDMifQ%3D%3D\">\n\t\t\t\t\t<div class=\"e-gallery-image elementor-gallery-item__image\" data-thumbnail=\"https:\/\/raizesdagente.com.br\/wp-content\/uploads\/2025\/11\/opo-300x169.jpeg\" data-width=\"300\" data-height=\"169\" aria-label=\"\" role=\"img\" ><\/div>\n\t\t\t\t\t\t\t\t\t\t\t<div class=\"elementor-gallery-item__overlay\"><\/div>\n\t\t\t\t\t\t\t\t\t\t\t\t\t\t<\/a>\n\t\t\t\t\t\t\t<a class=\"e-gallery-item elementor-gallery-item elementor-animated-content\" href=\"https:\/\/raizesdagente.com.br\/wp-content\/uploads\/2025\/11\/WhatsApp-Image-2025-11-03-at-15.44.23.jpeg\" data-elementor-open-lightbox=\"yes\" data-elementor-lightbox-slideshow=\"c54edd3\" data-elementor-lightbox-title=\"WhatsApp Image 2025-11-03 at 15.44.23\" data-e-action-hash=\"#elementor-action%3Aaction%3Dlightbox%26settings%3DeyJpZCI6NDI1LCJ1cmwiOiJodHRwczpcL1wvcmFpemVzZGFnZW50ZS5jb20uYnJcL3dwLWNvbnRlbnRcL3VwbG9hZHNcLzIwMjVcLzExXC9XaGF0c0FwcC1JbWFnZS0yMDI1LTExLTAzLWF0LTE1LjQ0LjIzLmpwZWciLCJzbGlkZXNob3ciOiJjNTRlZGQzIn0%3D\">\n\t\t\t\t\t<div class=\"e-gallery-image elementor-gallery-item__image\" data-thumbnail=\"https:\/\/raizesdagente.com.br\/wp-content\/uploads\/2025\/11\/WhatsApp-Image-2025-11-03-at-15.44.23-169x300.jpeg\" data-width=\"169\" data-height=\"300\" aria-label=\"\" role=\"img\" ><\/div>\n\t\t\t\t\t\t\t\t\t\t\t<div class=\"elementor-gallery-item__overlay\"><\/div>\n\t\t\t\t\t\t\t\t\t\t\t\t\t\t<\/a>\n\t\t\t\t\t\t\t<a class=\"e-gallery-item elementor-gallery-item elementor-animated-content\" href=\"https:\/\/raizesdagente.com.br\/wp-content\/uploads\/2025\/11\/WhatsApp-Image-2025-11-03-at-15.44.24.jpeg\" data-elementor-open-lightbox=\"yes\" data-elementor-lightbox-slideshow=\"c54edd3\" data-elementor-lightbox-title=\"WhatsApp Image 2025-11-03 at 15.44.24\" data-e-action-hash=\"#elementor-action%3Aaction%3Dlightbox%26settings%3DeyJpZCI6NDI2LCJ1cmwiOiJodHRwczpcL1wvcmFpemVzZGFnZW50ZS5jb20uYnJcL3dwLWNvbnRlbnRcL3VwbG9hZHNcLzIwMjVcLzExXC9XaGF0c0FwcC1JbWFnZS0yMDI1LTExLTAzLWF0LTE1LjQ0LjI0LmpwZWciLCJzbGlkZXNob3ciOiJjNTRlZGQzIn0%3D\">\n\t\t\t\t\t<div class=\"e-gallery-image elementor-gallery-item__image\" data-thumbnail=\"https:\/\/raizesdagente.com.br\/wp-content\/uploads\/2025\/11\/WhatsApp-Image-2025-11-03-at-15.44.24-300x169.jpeg\" data-width=\"300\" data-height=\"169\" aria-label=\"\" role=\"img\" ><\/div>\n\t\t\t\t\t\t\t\t\t\t\t<div class=\"elementor-gallery-item__overlay\"><\/div>\n\t\t\t\t\t\t\t\t\t\t\t\t\t\t<\/a>\n\t\t\t\t\t\t\t<a class=\"e-gallery-item elementor-gallery-item elementor-animated-content\" href=\"https:\/\/raizesdagente.com.br\/wp-content\/uploads\/2025\/11\/WhatsApp-Image-2025-11-03-at-15.4445.23.jpeg\" data-elementor-open-lightbox=\"yes\" data-elementor-lightbox-slideshow=\"c54edd3\" data-elementor-lightbox-title=\"WhatsApp Image 2025-11-03 at 15.4445.23\" data-e-action-hash=\"#elementor-action%3Aaction%3Dlightbox%26settings%3DeyJpZCI6NDI3LCJ1cmwiOiJodHRwczpcL1wvcmFpemVzZGFnZW50ZS5jb20uYnJcL3dwLWNvbnRlbnRcL3VwbG9hZHNcLzIwMjVcLzExXC9XaGF0c0FwcC1JbWFnZS0yMDI1LTExLTAzLWF0LTE1LjQ0NDUuMjMuanBlZyIsInNsaWRlc2hvdyI6ImM1NGVkZDMifQ%3D%3D\">\n\t\t\t\t\t<div class=\"e-gallery-image elementor-gallery-item__image\" data-thumbnail=\"https:\/\/raizesdagente.com.br\/wp-content\/uploads\/2025\/11\/WhatsApp-Image-2025-11-03-at-15.4445.23-169x300.jpeg\" data-width=\"169\" data-height=\"300\" aria-label=\"\" role=\"img\" ><\/div>\n\t\t\t\t\t\t\t\t\t\t\t<div class=\"elementor-gallery-item__overlay\"><\/div>\n\t\t\t\t\t\t\t\t\t\t\t\t\t\t<\/a>\n\t\t\t\t\t<\/div>\n\t\t\t\t\t<\/div>\n\t\t\t\t<\/div>\n\t\t\t\t<div class=\"elementor-element elementor-element-584ea9f elementor-widget elementor-widget-text-editor\" data-id=\"584ea9f\" data-element_type=\"widget\" data-widget_type=\"text-editor.default\">\n\t\t\t\t<div class=\"elementor-widget-container\">\n\t\t\t\t\t\t\t\t\t<p style=\"text-align: justify;\">Lorem ipsum dolor sit amet, consectetur adipiscing elit. Ut elit tellus, luctus nec ullamcorper mattis, pulvinar dapibus leo.\t\t\t\t\t\t\t\t<\/div>\n\t\t\t\t<\/div>\n\t\t\t\t<\/div>\n\t\t\t\t<\/div>\n\t\t\t\t<\/div>\n\t\t<div class=\"elementor-element elementor-element-0e0a97e e-con-full e-flex e-con e-child\" data-id=\"0e0a97e\" data-element_type=\"container\">\n\t\t\t\t<div class=\"elementor-element elementor-element-297b77a elementor-widget elementor-widget-heading\" data-id=\"297b77a\" data-element_type=\"widget\" data-widget_type=\"heading.default\">\n\t\t\t\t<div class=\"elementor-widget-container\">\n\t\t\t\t\t<h2 class=\"elementor-heading-title elementor-size-default\">Hist\u00f3ria<\/h2>\t\t\t\t<\/div>\n\t\t\t\t<\/div>\n\t\t\t\t<div class=\"elementor-element elementor-element-8d6c05a elementor-widget elementor-widget-video\" data-id=\"8d6c05a\" data-element_type=\"widget\" data-settings=\"{&quot;youtube_url&quot;:&quot;https:\\\/\\\/www.youtube.com\\\/watch?v=0V8Wmxfr0t0&quot;,&quot;video_type&quot;:&quot;youtube&quot;,&quot;controls&quot;:&quot;yes&quot;}\" data-widget_type=\"video.default\">\n\t\t\t\t<div class=\"elementor-widget-container\">\n\t\t\t\t\t\t\t<div class=\"elementor-wrapper elementor-open-inline\">\n\t\t\t<div class=\"elementor-video\"><\/div>\t\t<\/div>\n\t\t\t\t\t\t<\/div>\n\t\t\t\t<\/div>\n\t\t\t\t<div class=\"elementor-element elementor-element-128f94f elementor-widget elementor-widget-text-editor\" data-id=\"128f94f\" data-element_type=\"widget\" data-widget_type=\"text-editor.default\">\n\t\t\t\t<div class=\"elementor-widget-container\">\n\t\t\t\t\t\t\t\t\t<p style=\"text-align: justify;\">A ocupa\u00e7\u00e3o recente da regi\u00e3o que hoje \u00e9 Central come\u00e7ou no s\u00e9culo XIX, marcada pela expuls\u00e3o dos povos ind\u00edgenas pelo coronel Ernesto Medrado. O n\u00facleo inicial se formou a partir de fam\u00edlias de colonizadores portugueses, como Alberto Pires de Carvalho, que se casou com a ind\u00edgena Fel\u00edcia, e Mar\u00e7al Ferreira dos Santos, junto com seus descendentes. A busca por novas terras e fontes de \u00e1gua levou Izidro Jos\u00e9 Ferreira e seus familiares a abrir picadas pela caatinga, chegando ao local que originaria o povoado de Ro\u00e7a de Dentro, onde se instalaram ro\u00e7as, casas de farinha e atividades agr\u00edcolas voltadas \u00e0 subsist\u00eancia.<\/p>\n\n<details><summary>Leia mais<\/summary>\n<p style=\"text-align: justify;\">economia local baseava-se na cria\u00e7\u00e3o de gado e no cultivo de feij\u00e3o, milho, mandioca, cana e andu, com com\u00e9rcio feito por tropeiros. Em 1926, a regi\u00e3o foi palco de conflitos com a Coluna Prestes, resultando em mortes, inc\u00eandios e destrui\u00e7\u00e3o de moradias. Ap\u00f3s a reconstru\u00e7\u00e3o, o povoado passou a se chamar Central em 1928, com a inaugura\u00e7\u00e3o de uma estrada regional. Em 1935, tornou-se Distrito de Paz e, em 1958, foi elevado a munic\u00edpio, desmembrando-se de Xique-Xique. A primeira elei\u00e7\u00e3o local ocorreu em 1970, ap\u00f3s a cria\u00e7\u00e3o da zona eleitoral em 1968.<\/p>\n<p style=\"text-align: justify;\">A ocupa\u00e7\u00e3o recente de Central teve in\u00edcio com o casal formado pelo portugu\u00eas Alberto Pires de Carvalho e a \u00edndia Fel\u00edcia, e com Mar\u00e7al Ferreira dos Santos, tamb\u00e9m portugu\u00eas, e sua esposa Josefa Ferreira de Brito, pais de oito filhos. Alberto Pires de Carvalho partira de Jacobina para Xique-Xique e, depois, mudara-se para Tiririca (atual Itagua\u00e7u),\u00a0comprando terras do Coronel Ernesto Augusto da Rocha Medrado.\u00a0No povoado de Saco dos Bois, vizinho a Itagua\u00e7u, morava um fazendeiro cujos vaqueiros, com cachorros e ferr\u00f5es, aprisionaram na Serra do Assuru\u00e1 uma jovem \u00edndia, que foi batizada com o nome de Fel\u00edcia e que, com quatro anos, &#8220;estava mansa&#8221;. Alberto Pires de Carvalho, ouvindo falar da beleza da jovem, foi conhec\u00ea-la, casando-se com ela. Tiveram 24 filhos, formando o n\u00facleo original do atual munic\u00edpio de\u00a0Itagua\u00e7u.\u00a0A Fazenda Santo Euz\u00e9bio, comprada em 6 de novembro de 1827 do Conde da Ponte, Dom Manoel de Saldanha da Gama Mello Torres Guedes de Brito, por Francisco Dias Lima, deu origem a diversas fazendas da regi\u00e3o.<\/p>\n\n<\/details>\t\t\t\t\t\t\t\t<\/div>\n\t\t\t\t<\/div>\n\t\t\t\t<\/div>\n\t\t\t\t<\/div>\n\t\t\t\t<\/div>\n\t\t","protected":false},"excerpt":{"rendered":"<p>Central \u00e9 um munic\u00edpio da Bahia, localizado na Chapada Diamantina Setentrional, a cerca de 500 km de Salvador, com altitude de 714 metros e \u00e1rea de aproximadamente 567 km\u00b2. A regi\u00e3o pertence \u00e0 Bacia de Irec\u00ea e apresenta forma\u00e7\u00f5es geol\u00f3gicas antigas, com metassedimentos e carbonatos onde aparecem estromat\u00f3litos. Ao longo do tempo, desenvolveu-se um relevo [&hellip;]<\/p>\n","protected":false},"author":1,"featured_media":0,"parent":0,"menu_order":0,"comment_status":"closed","ping_status":"closed","template":"","meta":{"footnotes":""},"class_list":["post-372","page","type-page","status-publish","hentry"],"_links":{"self":[{"href":"https:\/\/raizesdagente.com.br\/index.php?rest_route=\/wp\/v2\/pages\/372","targetHints":{"allow":["GET"]}}],"collection":[{"href":"https:\/\/raizesdagente.com.br\/index.php?rest_route=\/wp\/v2\/pages"}],"about":[{"href":"https:\/\/raizesdagente.com.br\/index.php?rest_route=\/wp\/v2\/types\/page"}],"author":[{"embeddable":true,"href":"https:\/\/raizesdagente.com.br\/index.php?rest_route=\/wp\/v2\/users\/1"}],"replies":[{"embeddable":true,"href":"https:\/\/raizesdagente.com.br\/index.php?rest_route=%2Fwp%2Fv2%2Fcomments&post=372"}],"version-history":[{"count":145,"href":"https:\/\/raizesdagente.com.br\/index.php?rest_route=\/wp\/v2\/pages\/372\/revisions"}],"predecessor-version":[{"id":879,"href":"https:\/\/raizesdagente.com.br\/index.php?rest_route=\/wp\/v2\/pages\/372\/revisions\/879"}],"wp:attachment":[{"href":"https:\/\/raizesdagente.com.br\/index.php?rest_route=%2Fwp%2Fv2%2Fmedia&parent=372"}],"curies":[{"name":"wp","href":"https:\/\/api.w.org\/{rel}","templated":true}]}}